{"id":262556,"date":"2025-05-13T15:36:08","date_gmt":"2025-05-13T13:36:08","guid":{"rendered":"https:\/\/www.maenner.ch\/services-specialises\/"},"modified":"2025-06-23T12:43:34","modified_gmt":"2025-06-23T10:43:34","slug":"pole","status":"publish","type":"page","link":"https:\/\/www.maenner.ch\/fr\/pole\/","title":{"rendered":"P\u00f4les"},"content":{"rendered":"\t\t<div data-elementor-type=\"wp-page\" data-elementor-id=\"262556\" class=\"elementor elementor-262556 elementor-12567\" data-elementor-post-type=\"page\">\n\t\t\t\t<div class=\"elementor-element elementor-element-e5a87a4 e-con-full e-flex e-con e-parent\" data-id=\"e5a87a4\" data-element_type=\"container\" data-e-type=\"container\" data-settings=\"{&quot;jet_parallax_layout_list&quot;:[]}\">\n\t\t\t\t<div class=\"elementor-element elementor-element-cf626c9 elementor-widget elementor-widget-template\" data-id=\"cf626c9\" data-element_type=\"widget\" data-e-type=\"widget\" data-widget_type=\"template.default\">\n\t\t\t\t<div class=\"elementor-widget-container\">\n\t\t\t\t\t\t\t<div class=\"elementor-template\">\n\t\t\t\t\t<div data-elementor-type=\"container\" data-elementor-id=\"259473\" class=\"elementor elementor-259473\" data-elementor-post-type=\"elementor_library\">\n\t\t\t\t<div class=\"elementor-element elementor-element-82eac80 herobereichweiss randomBGImage e-flex e-con-boxed e-con e-parent\" data-id=\"82eac80\" data-element_type=\"container\" data-e-type=\"container\" data-settings=\"{&quot;background_background&quot;:&quot;classic&quot;,&quot;jet_parallax_layout_list&quot;:[]}\" data-images=\"https:\/\/www.maenner.ch\/wp-content\/uploads\/headerbild-mann-jugendlicher-training-rennbahn-01.jpg,https:\/\/www.maenner.ch\/wp-content\/uploads\/headerbild-mann-wohnzimmer-zwei-hunde-rollstuhl-01.jpg,https:\/\/www.maenner.ch\/wp-content\/uploads\/headerbild-zwei-maenner-diskutieren-01.webp,https:\/\/www.maenner.ch\/wp-content\/uploads\/headerbild-vatermacht-tochter-frisur-bad-01.webp,https:\/\/www.maenner.ch\/wp-content\/uploads\/headerbild-pensionaer-wohlhabend-telefoniert-smartphone-01.webp,https:\/\/www.maenner.ch\/wp-content\/uploads\/headerbild-pensionaer-wald-erkundungen-nachdenken-01.webp,https:\/\/www.maenner.ch\/wp-content\/uploads\/headerbild-mann-versuch-ueberzeugen-gruppe-01.webp,https:\/\/www.maenner.ch\/wp-content\/uploads\/headerbild-mann-podcast-studio-poc-01.webp,https:\/\/www.maenner.ch\/wp-content\/uploads\/headerbild-mann-laptop-wohnzimmer-beinprotese-01.webp,https:\/\/www.maenner.ch\/wp-content\/uploads\/headerbild-maennliche-jugendliche-gamen-01.webp,https:\/\/www.maenner.ch\/wp-content\/uploads\/headerbild-maenner-heiraten-party-01.webp,https:\/\/www.maenner.ch\/wp-content\/uploads\/headerbild-kurator-berachtet-kunstwerk-01.webp,https:\/\/www.maenner.ch\/wp-content\/uploads\/headerbild-jungs-fussball-team-freude-01.webp,https:\/\/www.maenner.ch\/wp-content\/uploads\/headerbild-junger-student-liest-interessiert-buch-01.webp,https:\/\/www.maenner.ch\/wp-content\/uploads\/headerbild-jugendlicher-knabe-liegt-trisomie-21-mutter-01.webp,https:\/\/www.maenner.ch\/wp-content\/uploads\/headerbild-influencer-aufnahme-rundlicht-01.webp,https:\/\/www.maenner.ch\/wp-content\/uploads\/headerbild-buben-jungs-geniessen-strand-01.webp,https:\/\/www.maenner.ch\/wp-content\/uploads\/headerbild-baustelle-planung-besprechung-01.webp,\">\n\t\t\t\t\t<div class=\"e-con-inner\">\n\t\t\t\t\t<\/div>\n\t\t\t\t<\/div>\n\t\t<div class=\"elementor-element elementor-element-87be9fb e-con-full e-flex e-con e-parent\" data-id=\"87be9fb\" data-element_type=\"container\" data-e-type=\"container\" data-settings=\"{&quot;background_background&quot;:&quot;classic&quot;,&quot;jet_parallax_layout_list&quot;:[]}\">\n\t\t\t\t<div class=\"elementor-element elementor-element-0fb4fe5 elementor-widget elementor-widget-image\" data-id=\"0fb4fe5\" data-element_type=\"widget\" data-e-type=\"widget\" data-widget_type=\"image.default\">\n\t\t\t\t\t\t\t\t\t\t\t\t\t\t\t<img decoding=\"async\" width=\"4200\" height=\"1317\" src=\"https:\/\/www.maenner.ch\/wp-content\/uploads\/Asset-10@3x-2-e1744390440775.png\" class=\"attachment-large size-large wp-image-3837\" alt=\"\" \/>\t\t\t\t\t\t\t\t\t\t\t\t\t\t\t<\/div>\n\t\t\t\t<\/div>\n\t\t\t\t<\/div>\n\t\t\t\t<\/div>\n\t\t\t\t\t\t<\/div>\n\t\t\t\t<\/div>\n\t\t\t\t<\/div>\n\t\t<div class=\"elementor-element elementor-element-54ad07c breadcrumb e-flex e-con-boxed e-con e-parent\" data-id=\"54ad07c\" data-element_type=\"container\" data-e-type=\"container\" data-settings=\"{&quot;jet_parallax_layout_list&quot;:[]}\">\n\t\t\t\t\t<div class=\"e-con-inner\">\n\t\t\t\t<div class=\"elementor-element elementor-element-eda2812 jet-breadcrumbs-on-front-yes elementor-widget__width-initial elementor-invisible elementor-widget elementor-widget-jet-breadcrumbs\" data-id=\"eda2812\" data-element_type=\"widget\" data-e-type=\"widget\" data-settings=\"{&quot;_animation&quot;:&quot;fadeInUp&quot;}\" data-widget_type=\"jet-breadcrumbs.default\">\n\t\t\t\t<div class=\"elementor-widget-container\">\n\t\t\t\t\t<div class=\"elementor-jet-breadcrumbs jet-blocks\">\n\t\t<div class=\"jet-breadcrumbs\">\n\t\t<div class=\"jet-breadcrumbs__content\">\n\t\t<div class=\"jet-breadcrumbs__wrap\"><div class=\"jet-breadcrumbs__item\"><a href=\"https:\/\/www.maenner.ch\/fr\/\" class=\"jet-breadcrumbs__item-link is-home\" rel=\"home\" title=\"Page d&#8217;accueil\">Page d&#8217;accueil<\/a><\/div>\n\t\t<\/div>\n\t\t<\/div>\n\t\t<\/div><\/div>\t\t\t\t<\/div>\n\t\t\t\t<\/div>\n\t\t\t\t\t<\/div>\n\t\t\t\t<\/div>\n\t\t<div class=\"elementor-element elementor-element-d12619e pad-bl e-flex e-con-boxed e-con e-parent\" data-id=\"d12619e\" data-element_type=\"container\" data-e-type=\"container\" data-settings=\"{&quot;jet_parallax_layout_list&quot;:[]}\">\n\t\t\t\t\t<div class=\"e-con-inner\">\n\t\t\t\t<div class=\"elementor-element elementor-element-5516479 header-straight-lines elementor-widget__width-initial elementor-widget-tablet__width-inherit elementor-invisible elementor-widget elementor-widget-heading\" data-id=\"5516479\" data-element_type=\"widget\" data-e-type=\"widget\" data-settings=\"{&quot;_animation&quot;:&quot;fadeInUp&quot;}\" data-widget_type=\"heading.default\">\n\t\t\t\t\t<h1 class=\"elementor-heading-title elementor-size-default\">P\u00f4les<\/h1>\t\t\t\t<\/div>\n\t\t\t\t<div class=\"elementor-element elementor-element-a104158 text-des-under elementor-widget elementor-widget-text-editor\" data-id=\"a104158\" data-element_type=\"widget\" data-e-type=\"widget\" data-widget_type=\"text-editor.default\">\n\t\t\t\t\t\t\t\t\t<p>m\u00e4nner.ch regroupe une expertise professionnelle dans cinq <span style=\"text-decoration: underline;\">domaines-cl\u00e9s<\/span>: travail avec les gar\u00e7ons et les hommes, sant\u00e9 masculine, travail avec les p\u00e8res, responsabilisation sexuelle et masculinit\u00e9, masculinit\u00e9 et violence.<\/p>\t\t\t\t\t\t\t\t<\/div>\n\t\t\t\t\t<\/div>\n\t\t\t\t<\/div>\n\t\t<div class=\"elementor-element elementor-element-7afe131 pad-t-s e-flex e-con-boxed e-con e-parent\" data-id=\"7afe131\" data-element_type=\"container\" data-e-type=\"container\" data-settings=\"{&quot;jet_parallax_layout_list&quot;:[],&quot;background_background&quot;:&quot;classic&quot;}\">\n\t\t\t\t\t<div class=\"e-con-inner\">\n\t\t<div class=\"elementor-element elementor-element-b4a5fce e-con-full e-flex elementor-invisible e-con e-child\" data-id=\"b4a5fce\" data-element_type=\"container\" data-e-type=\"container\" data-settings=\"{&quot;animation&quot;:&quot;fadeInUp&quot;,&quot;jet_parallax_layout_list&quot;:[]}\">\n\t\t<div data-ep-wrapper-link=\"{&quot;url&quot;:&quot;https:\\\/\\\/www.maenner.ch\\\/fachstellen\\\/vaeterbildung\\\/&quot;,&quot;is_external&quot;:&quot;&quot;,&quot;nofollow&quot;:&quot;&quot;,&quot;custom_attributes&quot;:&quot;&quot;}\" style=\"cursor: pointer\" class=\"bdt-element-link elementor-element elementor-element-8552729 e-con-full e-flex e-con e-child\" data-id=\"8552729\" data-element_type=\"container\" data-e-type=\"container\" data-settings=\"{&quot;jet_parallax_layout_list&quot;:[],&quot;background_background&quot;:&quot;classic&quot;}\">\n\t\t<div class=\"elementor-element elementor-element-3c6d761 e-con-full e-flex e-con e-child\" data-id=\"3c6d761\" data-element_type=\"container\" data-e-type=\"container\" data-settings=\"{&quot;jet_parallax_layout_list&quot;:[]}\">\n\t\t\t\t<\/div>\n\t\t\t\t<\/div>\n\t\t<div class=\"elementor-element elementor-element-0966ab6 e-con-full e-flex e-con e-child\" data-id=\"0966ab6\" data-element_type=\"container\" data-e-type=\"container\" data-settings=\"{&quot;jet_parallax_layout_list&quot;:[],&quot;background_background&quot;:&quot;classic&quot;}\">\n\t\t<div class=\"elementor-element elementor-element-1b6cbe5 e-con-full e-flex e-con e-child\" data-id=\"1b6cbe5\" data-element_type=\"container\" data-e-type=\"container\" data-settings=\"{&quot;jet_parallax_layout_list&quot;:[]}\">\n\t\t\t\t<div class=\"elementor-element elementor-element-73fe4ec elementor-align-left elementor-widget elementor-widget-button\" data-id=\"73fe4ec\" data-element_type=\"widget\" data-e-type=\"widget\" data-widget_type=\"button.default\">\n\t\t\t\t\t\t\t\t\t\t<a class=\"elementor-button elementor-button-link elementor-size-sm\" href=\"https:\/\/www.maenner.ch\/fr\/pole\/travail-avec-les-peres\/\">\n\t\t\t\t\t\t<span class=\"elementor-button-content-wrapper\">\n\t\t\t\t\t\t\t\t\t<span class=\"elementor-button-text\">Travail avec les p\u00e8res<\/span>\n\t\t\t\t\t<\/span>\n\t\t\t\t\t<\/a>\n\t\t\t\t\t\t\t\t<\/div>\n\t\t\t\t<\/div>\n\t\t\t\t<\/div>\n\t\t\t\t<\/div>\n\t\t<div class=\"elementor-element elementor-element-18dc94e e-con-full e-flex elementor-invisible e-con e-child\" data-id=\"18dc94e\" data-element_type=\"container\" data-e-type=\"container\" data-settings=\"{&quot;animation&quot;:&quot;fadeInUp&quot;,&quot;jet_parallax_layout_list&quot;:[]}\">\n\t\t<div data-ep-wrapper-link=\"{&quot;url&quot;:&quot;https:\\\/\\\/www.maenner.ch\\\/fachstellen\\\/fachstelle-maennergesundheit-sandro\\\/&quot;,&quot;is_external&quot;:&quot;&quot;,&quot;nofollow&quot;:&quot;&quot;,&quot;custom_attributes&quot;:&quot;&quot;}\" style=\"cursor: pointer\" class=\"bdt-element-link elementor-element elementor-element-129dd2f e-con-full e-flex e-con e-child\" data-id=\"129dd2f\" data-element_type=\"container\" data-e-type=\"container\" data-settings=\"{&quot;jet_parallax_layout_list&quot;:[],&quot;background_background&quot;:&quot;classic&quot;}\">\n\t\t<div class=\"elementor-element elementor-element-f4b4d9f e-con-full e-flex e-con e-child\" data-id=\"f4b4d9f\" data-element_type=\"container\" data-e-type=\"container\" data-settings=\"{&quot;jet_parallax_layout_list&quot;:[]}\">\n\t\t\t\t<\/div>\n\t\t\t\t<\/div>\n\t\t<div class=\"elementor-element elementor-element-4c5a4d5 e-con-full e-flex e-con e-child\" data-id=\"4c5a4d5\" data-element_type=\"container\" data-e-type=\"container\" data-settings=\"{&quot;jet_parallax_layout_list&quot;:[],&quot;background_background&quot;:&quot;classic&quot;}\">\n\t\t<div class=\"elementor-element elementor-element-781c9d8 e-con-full e-flex e-con e-child\" data-id=\"781c9d8\" data-element_type=\"container\" data-e-type=\"container\" data-settings=\"{&quot;jet_parallax_layout_list&quot;:[]}\">\n\t\t\t\t<div class=\"elementor-element elementor-element-8bc6037 elementor-align-left elementor-widget elementor-widget-button\" data-id=\"8bc6037\" data-element_type=\"widget\" data-e-type=\"widget\" data-widget_type=\"button.default\">\n\t\t\t\t\t\t\t\t\t\t<a class=\"elementor-button elementor-button-link elementor-size-sm\" href=\"https:\/\/www.maenner.ch\/fr\/pole\/sante-masculine\/\">\n\t\t\t\t\t\t<span class=\"elementor-button-content-wrapper\">\n\t\t\t\t\t\t\t\t\t<span class=\"elementor-button-text\">Sant\u00e9 masculine<\/span>\n\t\t\t\t\t<\/span>\n\t\t\t\t\t<\/a>\n\t\t\t\t\t\t\t\t<\/div>\n\t\t\t\t<\/div>\n\t\t\t\t<\/div>\n\t\t\t\t<\/div>\n\t\t<div class=\"elementor-element elementor-element-1d8077d e-con-full e-flex elementor-invisible e-con e-child\" data-id=\"1d8077d\" data-element_type=\"container\" data-e-type=\"container\" data-settings=\"{&quot;animation&quot;:&quot;fadeInUp&quot;,&quot;jet_parallax_layout_list&quot;:[]}\">\n\t\t<div data-ep-wrapper-link=\"{&quot;url&quot;:&quot;https:\\\/\\\/www.maenner.ch\\\/fachstellen\\\/gewaltpraevention\\\/&quot;,&quot;is_external&quot;:&quot;&quot;,&quot;nofollow&quot;:&quot;&quot;,&quot;custom_attributes&quot;:&quot;&quot;}\" style=\"cursor: pointer\" class=\"bdt-element-link elementor-element elementor-element-fa92a6d e-con-full e-flex e-con e-child\" data-id=\"fa92a6d\" data-element_type=\"container\" data-e-type=\"container\" data-settings=\"{&quot;jet_parallax_layout_list&quot;:[],&quot;background_background&quot;:&quot;classic&quot;}\">\n\t\t<div class=\"elementor-element elementor-element-498dae8 e-con-full e-flex e-con e-child\" data-id=\"498dae8\" data-element_type=\"container\" data-e-type=\"container\" data-settings=\"{&quot;jet_parallax_layout_list&quot;:[]}\">\n\t\t\t\t<\/div>\n\t\t\t\t<\/div>\n\t\t<div class=\"elementor-element elementor-element-3c03c71 e-con-full e-flex e-con e-child\" data-id=\"3c03c71\" data-element_type=\"container\" data-e-type=\"container\" data-settings=\"{&quot;jet_parallax_layout_list&quot;:[],&quot;background_background&quot;:&quot;classic&quot;}\">\n\t\t<div class=\"elementor-element elementor-element-6ac57c3 e-con-full e-flex e-con e-child\" data-id=\"6ac57c3\" data-element_type=\"container\" data-e-type=\"container\" data-settings=\"{&quot;jet_parallax_layout_list&quot;:[]}\">\n\t\t\t\t<div class=\"elementor-element elementor-element-4d06503 elementor-align-left elementor-widget elementor-widget-button\" data-id=\"4d06503\" data-element_type=\"widget\" data-e-type=\"widget\" data-widget_type=\"button.default\">\n\t\t\t\t\t\t\t\t\t\t<a class=\"elementor-button elementor-button-link elementor-size-sm\" href=\"https:\/\/www.maenner.ch\/fr\/pole\/masculinite-et-violence\/\">\n\t\t\t\t\t\t<span class=\"elementor-button-content-wrapper\">\n\t\t\t\t\t\t\t\t\t<span class=\"elementor-button-text\">Masculinit\u00e9 et violence<\/span>\n\t\t\t\t\t<\/span>\n\t\t\t\t\t<\/a>\n\t\t\t\t\t\t\t\t<\/div>\n\t\t\t\t<\/div>\n\t\t\t\t<\/div>\n\t\t\t\t<\/div>\n\t\t\t\t\t<\/div>\n\t\t\t\t<\/div>\n\t\t<div class=\"elementor-element elementor-element-30057a3 e-flex e-con-boxed e-con e-parent\" data-id=\"30057a3\" data-element_type=\"container\" data-e-type=\"container\" data-settings=\"{&quot;jet_parallax_layout_list&quot;:[],&quot;background_background&quot;:&quot;classic&quot;}\">\n\t\t\t\t\t<div class=\"e-con-inner\">\n\t\t<div class=\"elementor-element elementor-element-9b1fac7 e-con-full e-flex elementor-invisible e-con e-child\" data-id=\"9b1fac7\" data-element_type=\"container\" data-e-type=\"container\" data-settings=\"{&quot;animation&quot;:&quot;fadeInUp&quot;,&quot;jet_parallax_layout_list&quot;:[]}\">\n\t\t<div data-ep-wrapper-link=\"{&quot;url&quot;:&quot;https:\\\/\\\/www.maenner.ch\\\/fachstellen\\\/jungenarbeit\\\/&quot;,&quot;is_external&quot;:&quot;&quot;,&quot;nofollow&quot;:&quot;&quot;,&quot;custom_attributes&quot;:&quot;&quot;}\" style=\"cursor: pointer\" class=\"bdt-element-link elementor-element elementor-element-03b89f5 e-con-full e-flex e-con e-child\" data-id=\"03b89f5\" data-element_type=\"container\" data-e-type=\"container\" data-settings=\"{&quot;jet_parallax_layout_list&quot;:[],&quot;background_background&quot;:&quot;classic&quot;}\">\n\t\t<div class=\"elementor-element elementor-element-e77f5af e-con-full e-flex e-con e-child\" data-id=\"e77f5af\" data-element_type=\"container\" data-e-type=\"container\" data-settings=\"{&quot;jet_parallax_layout_list&quot;:[]}\">\n\t\t\t\t<\/div>\n\t\t\t\t<\/div>\n\t\t<div class=\"elementor-element elementor-element-b7ded8a e-con-full e-flex e-con e-child\" data-id=\"b7ded8a\" data-element_type=\"container\" data-e-type=\"container\" data-settings=\"{&quot;jet_parallax_layout_list&quot;:[],&quot;background_background&quot;:&quot;classic&quot;}\">\n\t\t<div class=\"elementor-element elementor-element-3758b2c e-con-full e-flex e-con e-child\" data-id=\"3758b2c\" data-element_type=\"container\" data-e-type=\"container\" data-settings=\"{&quot;jet_parallax_layout_list&quot;:[]}\">\n\t\t\t\t<div class=\"elementor-element elementor-element-834a820 elementor-align-left elementor-widget elementor-widget-button\" data-id=\"834a820\" data-element_type=\"widget\" data-e-type=\"widget\" data-widget_type=\"button.default\">\n\t\t\t\t\t\t\t\t\t\t<a class=\"elementor-button elementor-button-link elementor-size-sm\" href=\"https:\/\/www.maenner.ch\/fr\/pole\/travail-avec-les-jeunes-hommes\/\">\n\t\t\t\t\t\t<span class=\"elementor-button-content-wrapper\">\n\t\t\t\t\t\t\t\t\t<span class=\"elementor-button-text\">Travail avec les gar\u00e7ons et les hommes<\/span>\n\t\t\t\t\t<\/span>\n\t\t\t\t\t<\/a>\n\t\t\t\t\t\t\t\t<\/div>\n\t\t\t\t<\/div>\n\t\t\t\t<\/div>\n\t\t\t\t<\/div>\n\t\t<div class=\"elementor-element elementor-element-b0dff20 e-con-full e-flex elementor-invisible e-con e-child\" data-id=\"b0dff20\" data-element_type=\"container\" data-e-type=\"container\" data-settings=\"{&quot;animation&quot;:&quot;fadeInUp&quot;,&quot;jet_parallax_layout_list&quot;:[]}\">\n\t\t<div data-ep-wrapper-link=\"{&quot;url&quot;:&quot;https:\\\/\\\/www.maenner.ch\\\/fachstellen\\\/sexuelle-verantwortung\\\/&quot;,&quot;is_external&quot;:&quot;&quot;,&quot;nofollow&quot;:&quot;&quot;,&quot;custom_attributes&quot;:&quot;&quot;}\" style=\"cursor: pointer\" class=\"bdt-element-link elementor-element elementor-element-9327dd4 e-con-full e-flex e-con e-child\" data-id=\"9327dd4\" data-element_type=\"container\" data-e-type=\"container\" data-settings=\"{&quot;jet_parallax_layout_list&quot;:[],&quot;background_background&quot;:&quot;classic&quot;}\">\n\t\t<div class=\"elementor-element elementor-element-9a1f0d7 e-con-full e-flex e-con e-child\" data-id=\"9a1f0d7\" data-element_type=\"container\" data-e-type=\"container\" data-settings=\"{&quot;jet_parallax_layout_list&quot;:[]}\">\n\t\t\t\t<\/div>\n\t\t\t\t<\/div>\n\t\t<div class=\"elementor-element elementor-element-37f7107 e-con-full e-flex e-con e-child\" data-id=\"37f7107\" data-element_type=\"container\" data-e-type=\"container\" data-settings=\"{&quot;jet_parallax_layout_list&quot;:[],&quot;background_background&quot;:&quot;classic&quot;}\">\n\t\t<div class=\"elementor-element elementor-element-2bd0a30 e-con-full e-flex e-con e-child\" data-id=\"2bd0a30\" data-element_type=\"container\" data-e-type=\"container\" data-settings=\"{&quot;jet_parallax_layout_list&quot;:[]}\">\n\t\t\t\t<div class=\"elementor-element elementor-element-870adf3 elementor-align-left elementor-widget elementor-widget-button\" data-id=\"870adf3\" data-element_type=\"widget\" data-e-type=\"widget\" data-widget_type=\"button.default\">\n\t\t\t\t\t\t\t\t\t\t<a class=\"elementor-button elementor-button-link elementor-size-sm\" href=\"https:\/\/www.maenner.ch\/fr\/pole\/responsabilisation-et-sexualite\/\">\n\t\t\t\t\t\t<span class=\"elementor-button-content-wrapper\">\n\t\t\t\t\t\t\t\t\t<span class=\"elementor-button-text\">Responsabilisation et sexualit\u00e9<\/span>\n\t\t\t\t\t<\/span>\n\t\t\t\t\t<\/a>\n\t\t\t\t\t\t\t\t<\/div>\n\t\t\t\t<\/div>\n\t\t\t\t<\/div>\n\t\t\t\t<\/div>\n\t\t<div class=\"elementor-element elementor-element-e9e1e68 e-con-full e-flex elementor-invisible e-con e-child\" data-id=\"e9e1e68\" data-element_type=\"container\" data-e-type=\"container\" data-settings=\"{&quot;animation&quot;:&quot;fadeInUp&quot;,&quot;jet_parallax_layout_list&quot;:[]}\">\n\t\t\t\t<\/div>\n\t\t\t\t\t<\/div>\n\t\t\t\t<\/div>\n\t\t<div class=\"elementor-element elementor-element-1a9f0ea e-flex e-con-boxed e-con e-parent\" data-id=\"1a9f0ea\" data-element_type=\"container\" data-e-type=\"container\" data-settings=\"{&quot;jet_parallax_layout_list&quot;:[]}\">\n\t\t\t\t\t<div class=\"e-con-inner\">\n\t\t\t\t<div class=\"elementor-element elementor-element-222435a elementor-widget-divider--view-line elementor-widget elementor-widget-divider\" data-id=\"222435a\" data-element_type=\"widget\" data-e-type=\"widget\" data-widget_type=\"divider.default\">\n\t\t\t\t\t\t\t<div class=\"elementor-divider\">\n\t\t\t<span class=\"elementor-divider-separator\">\n\t\t\t\t\t\t<\/span>\n\t\t<\/div>\n\t\t\t\t\t\t<\/div>\n\t\t\t\t<div class=\"elementor-element elementor-element-7e3377e elementor-widget__width-inherit elementor-invisible elementor-widget elementor-widget-heading\" data-id=\"7e3377e\" data-element_type=\"widget\" data-e-type=\"widget\" data-settings=\"{&quot;_animation&quot;:&quot;fadeInUp&quot;}\" data-widget_type=\"heading.default\">\n\t\t\t\t\t<h2 class=\"elementor-heading-title elementor-size-default\">Conseil sur mesure<\/h2>\t\t\t\t<\/div>\n\t\t\t\t<div class=\"elementor-element elementor-element-a1511e7 text-des-under elementor-widget elementor-widget-text-editor\" data-id=\"a1511e7\" data-element_type=\"widget\" data-e-type=\"widget\" data-widget_type=\"text-editor.default\">\n\t\t\t\t\t\t\t\t\t<p>En tant qu&#8217;organisation fa\u00eeti\u00e8re active sur ces th\u00e8mes depuis plus <span style=\"text-decoration: underline;\">de 20 ann\u00e9es,<\/span> nous sommes le premier interlocuteur pour les institutions, les entreprises et les associations qui souhaitent adapter leur offre de mani\u00e8re encore plus sp\u00e9cifique aux besoins des hommes et personnes qui se consid\u00e8rent comme tels.<\/p>\t\t\t\t\t\t\t\t<\/div>\n\t\t\t\t\t<\/div>\n\t\t\t\t<\/div>\n\t\t<div class=\"elementor-element elementor-element-fe851ff pad-b-l e-flex e-con-boxed e-con e-parent\" data-id=\"fe851ff\" data-element_type=\"container\" data-e-type=\"container\" data-settings=\"{&quot;jet_parallax_layout_list&quot;:[],&quot;background_background&quot;:&quot;classic&quot;}\">\n\t\t\t\t\t<div class=\"e-con-inner\">\n\t\t<div class=\"elementor-element elementor-element-a55e3c5 e-con-full e-flex elementor-invisible e-con e-child\" data-id=\"a55e3c5\" data-element_type=\"container\" data-e-type=\"container\" data-settings=\"{&quot;animation&quot;:&quot;fadeInUp&quot;,&quot;jet_parallax_layout_list&quot;:[]}\">\n\t\t<div data-ep-wrapper-link=\"{&quot;url&quot;:&quot;https:\\\/\\\/www.maenner.ch\\\/fachstellen\\\/beratung-nach-mass\\\/&quot;,&quot;is_external&quot;:&quot;&quot;,&quot;nofollow&quot;:&quot;&quot;,&quot;custom_attributes&quot;:&quot;&quot;}\" style=\"cursor: pointer\" class=\"bdt-element-link elementor-element elementor-element-c92aa52 e-con-full e-flex e-con e-child\" data-id=\"c92aa52\" data-element_type=\"container\" data-e-type=\"container\" data-settings=\"{&quot;jet_parallax_layout_list&quot;:[],&quot;background_background&quot;:&quot;classic&quot;}\">\n\t\t\t\t<div class=\"elementor-element elementor-element-8a9c35c elementor-widget__width-inherit elementor-widget elementor-widget-image\" data-id=\"8a9c35c\" data-element_type=\"widget\" data-e-type=\"widget\" data-widget_type=\"image.default\">\n\t\t\t\t\t\t\t\t\t\t\t\t\t\t\t<img decoding=\"async\" width=\"991\" height=\"403\" src=\"https:\/\/www.maenner.ch\/wp-content\/uploads\/beratung.svg\" class=\"attachment-full size-full wp-image-258955\" alt=\"\" \/>\t\t\t\t\t\t\t\t\t\t\t\t\t\t\t<\/div>\n\t\t\t\t<\/div>\n\t\t<div class=\"elementor-element elementor-element-5671822 e-con-full e-flex e-con e-child\" data-id=\"5671822\" data-element_type=\"container\" data-e-type=\"container\" data-settings=\"{&quot;jet_parallax_layout_list&quot;:[],&quot;background_background&quot;:&quot;classic&quot;}\">\n\t\t<div class=\"elementor-element elementor-element-58e2210 e-con-full e-flex e-con e-child\" data-id=\"58e2210\" data-element_type=\"container\" data-e-type=\"container\" data-settings=\"{&quot;jet_parallax_layout_list&quot;:[]}\">\n\t\t\t\t<div class=\"elementor-element elementor-element-74f234f elementor-icon-list--layout-traditional elementor-list-item-link-full_width elementor-widget elementor-widget-icon-list\" data-id=\"74f234f\" data-element_type=\"widget\" data-e-type=\"widget\" data-widget_type=\"icon-list.default\">\n\t\t\t\t\t\t\t<ul class=\"elementor-icon-list-items\">\n\t\t\t\t\t\t\t<li class=\"elementor-icon-list-item\">\n\t\t\t\t\t\t\t\t\t\t\t<a href=\"https:\/\/www.maenner.ch\/fachstellen\/beratung-nach-mass\/\">\n\n\t\t\t\t\t\t\t\t\t\t\t\t<span class=\"elementor-icon-list-icon\">\n\t\t\t\t\t\t\t<svg xmlns=\"http:\/\/www.w3.org\/2000\/svg\" viewBox=\"0 0 39 39\" width=\"39\" height=\"39\"><style>.a{fill:#f9e100}.b{fill:none;stroke:#000;stroke-linecap:round;stroke-linejoin:round;stroke-width:2}<\/style><path class=\"a\" d=\"m38.9 19.1c0 10.6-8.6 19.1-19.2 19.1-10.6 0-19.2-8.5-19.2-19.1 0-10.6 8.6-19.2 19.2-19.2 10.6 0 19.2 8.6 19.2 19.2z\"><\/path><path class=\"b\" d=\"m12.7 19.1h14m0 0l-6-6m6 6l-6 6\"><\/path><\/svg>\t\t\t\t\t\t<\/span>\n\t\t\t\t\t\t\t\t\t\t<span class=\"elementor-icon-list-text\">Conseil sur mesure<\/span>\n\t\t\t\t\t\t\t\t\t\t\t<\/a>\n\t\t\t\t\t\t\t\t\t<\/li>\n\t\t\t\t\t\t<\/ul>\n\t\t\t\t\t\t<\/div>\n\t\t\t\t<\/div>\n\t\t\t\t<\/div>\n\t\t\t\t<\/div>\n\t\t\t\t\t<\/div>\n\t\t\t\t<\/div>\n\t\t\t\t<\/div>\n\t\t","protected":false},"excerpt":{"rendered":"<p>Startseite P\u00f4les m\u00e4nner.ch regroupe une expertise professionnelle dans cinq domaines-cl\u00e9s: travail avec les gar\u00e7ons et les hommes, sant\u00e9 masculine, travail avec les p\u00e8res, responsabilisation sexuelle et masculinit\u00e9, masculinit\u00e9 et violence. Travail avec les p\u00e8res Sant\u00e9 masculine Masculinit\u00e9 et violence Travail avec les gar\u00e7ons et les hommes Responsabilisation et sexualit\u00e9 Conseil sur mesure En tant qu&#8217;organisation [&hellip;]<\/p>\n","protected":false},"author":3,"featured_media":0,"parent":0,"menu_order":0,"comment_status":"closed","ping_status":"closed","template":"elementor_header_footer","meta":{"_jf_limit_responses":"","iawp_total_views":141,"footnotes":""},"class_list":["post-262556","page","type-page","status-publish","hentry"],"_links":{"self":[{"href":"https:\/\/www.maenner.ch\/fr\/wp-json\/wp\/v2\/pages\/262556","targetHints":{"allow":["GET"]}}],"collection":[{"href":"https:\/\/www.maenner.ch\/fr\/wp-json\/wp\/v2\/pages"}],"about":[{"href":"https:\/\/www.maenner.ch\/fr\/wp-json\/wp\/v2\/types\/page"}],"author":[{"embeddable":true,"href":"https:\/\/www.maenner.ch\/fr\/wp-json\/wp\/v2\/users\/3"}],"replies":[{"embeddable":true,"href":"https:\/\/www.maenner.ch\/fr\/wp-json\/wp\/v2\/comments?post=262556"}],"version-history":[{"count":4,"href":"https:\/\/www.maenner.ch\/fr\/wp-json\/wp\/v2\/pages\/262556\/revisions"}],"predecessor-version":[{"id":263299,"href":"https:\/\/www.maenner.ch\/fr\/wp-json\/wp\/v2\/pages\/262556\/revisions\/263299"}],"wp:attachment":[{"href":"https:\/\/www.maenner.ch\/fr\/wp-json\/wp\/v2\/media?parent=262556"}],"curies":[{"name":"wp","href":"https:\/\/api.w.org\/{rel}","templated":true}]}}