{"id":262570,"date":"2025-04-30T08:28:46","date_gmt":"2025-04-30T06:28:46","guid":{"rendered":"https:\/\/www.maenner.ch\/offre\/"},"modified":"2025-07-29T17:39:41","modified_gmt":"2025-07-29T15:39:41","slug":"offre","status":"publish","type":"page","link":"https:\/\/www.maenner.ch\/fr\/offre\/","title":{"rendered":"Offre"},"content":{"rendered":"\t\t<div data-elementor-type=\"wp-page\" data-elementor-id=\"262570\" class=\"elementor elementor-262570 elementor-10203\" data-elementor-post-type=\"page\">\n\t\t\t\t<div class=\"elementor-element elementor-element-a227ca5 e-con-full e-flex e-con e-parent\" data-id=\"a227ca5\" data-element_type=\"container\" data-e-type=\"container\" data-settings=\"{&quot;jet_parallax_layout_list&quot;:[]}\">\n\t\t\t\t<div class=\"elementor-element elementor-element-5f882df elementor-widget elementor-widget-template\" data-id=\"5f882df\" data-element_type=\"widget\" data-e-type=\"widget\" data-widget_type=\"template.default\">\n\t\t\t\t<div class=\"elementor-widget-container\">\n\t\t\t\t\t\t\t<div class=\"elementor-template\">\n\t\t\t\t\t<div data-elementor-type=\"container\" data-elementor-id=\"259473\" class=\"elementor elementor-259473\" data-elementor-post-type=\"elementor_library\">\n\t\t\t\t<div class=\"elementor-element elementor-element-82eac80 herobereichweiss randomBGImage e-flex e-con-boxed e-con e-parent\" data-id=\"82eac80\" data-element_type=\"container\" data-e-type=\"container\" data-settings=\"{&quot;background_background&quot;:&quot;classic&quot;,&quot;jet_parallax_layout_list&quot;:[]}\" data-images=\"https:\/\/www.maenner.ch\/wp-content\/uploads\/headerbild-mann-jugendlicher-training-rennbahn-01.jpg,https:\/\/www.maenner.ch\/wp-content\/uploads\/headerbild-mann-wohnzimmer-zwei-hunde-rollstuhl-01.jpg,https:\/\/www.maenner.ch\/wp-content\/uploads\/headerbild-zwei-maenner-diskutieren-01.webp,https:\/\/www.maenner.ch\/wp-content\/uploads\/headerbild-vatermacht-tochter-frisur-bad-01.webp,https:\/\/www.maenner.ch\/wp-content\/uploads\/headerbild-pensionaer-wohlhabend-telefoniert-smartphone-01.webp,https:\/\/www.maenner.ch\/wp-content\/uploads\/headerbild-pensionaer-wald-erkundungen-nachdenken-01.webp,https:\/\/www.maenner.ch\/wp-content\/uploads\/headerbild-mann-versuch-ueberzeugen-gruppe-01.webp,https:\/\/www.maenner.ch\/wp-content\/uploads\/headerbild-mann-podcast-studio-poc-01.webp,https:\/\/www.maenner.ch\/wp-content\/uploads\/headerbild-mann-laptop-wohnzimmer-beinprotese-01.webp,https:\/\/www.maenner.ch\/wp-content\/uploads\/headerbild-maennliche-jugendliche-gamen-01.webp,https:\/\/www.maenner.ch\/wp-content\/uploads\/headerbild-maenner-heiraten-party-01.webp,https:\/\/www.maenner.ch\/wp-content\/uploads\/headerbild-kurator-berachtet-kunstwerk-01.webp,https:\/\/www.maenner.ch\/wp-content\/uploads\/headerbild-jungs-fussball-team-freude-01.webp,https:\/\/www.maenner.ch\/wp-content\/uploads\/headerbild-junger-student-liest-interessiert-buch-01.webp,https:\/\/www.maenner.ch\/wp-content\/uploads\/headerbild-jugendlicher-knabe-liegt-trisomie-21-mutter-01.webp,https:\/\/www.maenner.ch\/wp-content\/uploads\/headerbild-influencer-aufnahme-rundlicht-01.webp,https:\/\/www.maenner.ch\/wp-content\/uploads\/headerbild-buben-jungs-geniessen-strand-01.webp,https:\/\/www.maenner.ch\/wp-content\/uploads\/headerbild-baustelle-planung-besprechung-01.webp,\">\n\t\t\t\t\t<div class=\"e-con-inner\">\n\t\t\t\t\t<\/div>\n\t\t\t\t<\/div>\n\t\t<div class=\"elementor-element elementor-element-87be9fb e-con-full e-flex e-con e-parent\" data-id=\"87be9fb\" data-element_type=\"container\" data-e-type=\"container\" data-settings=\"{&quot;background_background&quot;:&quot;classic&quot;,&quot;jet_parallax_layout_list&quot;:[]}\">\n\t\t\t\t<div class=\"elementor-element elementor-element-0fb4fe5 elementor-widget elementor-widget-image\" data-id=\"0fb4fe5\" data-element_type=\"widget\" data-e-type=\"widget\" data-widget_type=\"image.default\">\n\t\t\t\t\t\t\t\t\t\t\t\t\t\t\t<img decoding=\"async\" width=\"4200\" height=\"1317\" src=\"https:\/\/www.maenner.ch\/wp-content\/uploads\/Asset-10@3x-2-e1744390440775.png\" class=\"attachment-large size-large wp-image-3837\" alt=\"\" \/>\t\t\t\t\t\t\t\t\t\t\t\t\t\t\t<\/div>\n\t\t\t\t<\/div>\n\t\t\t\t<\/div>\n\t\t\t\t<\/div>\n\t\t\t\t\t\t<\/div>\n\t\t\t\t<\/div>\n\t\t\t\t<\/div>\n\t\t<div class=\"elementor-element elementor-element-54ad07c e-flex e-con-boxed e-con e-parent\" data-id=\"54ad07c\" data-element_type=\"container\" data-e-type=\"container\" data-settings=\"{&quot;jet_parallax_layout_list&quot;:[]}\">\n\t\t\t\t\t<div class=\"e-con-inner\">\n\t\t\t\t<div class=\"elementor-element elementor-element-eda2812 jet-breadcrumbs-on-front-yes elementor-widget__width-initial elementor-invisible elementor-widget elementor-widget-jet-breadcrumbs\" data-id=\"eda2812\" data-element_type=\"widget\" data-e-type=\"widget\" data-settings=\"{&quot;_animation&quot;:&quot;fadeInUp&quot;}\" data-widget_type=\"jet-breadcrumbs.default\">\n\t\t\t\t<div class=\"elementor-widget-container\">\n\t\t\t\t\t<div class=\"elementor-jet-breadcrumbs jet-blocks\">\n\t\t<div class=\"jet-breadcrumbs\">\n\t\t<div class=\"jet-breadcrumbs__content\">\n\t\t<div class=\"jet-breadcrumbs__wrap\"><div class=\"jet-breadcrumbs__item\"><a href=\"https:\/\/www.maenner.ch\/fr\/\" class=\"jet-breadcrumbs__item-link is-home\" rel=\"home\" title=\"Page d&#8217;accueil\">Page d&#8217;accueil<\/a><\/div>\n\t\t<\/div>\n\t\t<\/div>\n\t\t<\/div><\/div>\t\t\t\t<\/div>\n\t\t\t\t<\/div>\n\t\t\t\t\t<\/div>\n\t\t\t\t<\/div>\n\t\t<div class=\"elementor-element elementor-element-d12619e pad-b-l e-flex e-con-boxed e-con e-parent\" data-id=\"d12619e\" data-element_type=\"container\" data-e-type=\"container\" data-settings=\"{&quot;jet_parallax_layout_list&quot;:[]}\">\n\t\t\t\t\t<div class=\"e-con-inner\">\n\t\t\t\t<div class=\"elementor-element elementor-element-5516479 header-straight-lines-small elementor-widget__width-initial elementor-widget-tablet__width-inherit elementor-invisible elementor-widget elementor-widget-heading\" data-id=\"5516479\" data-element_type=\"widget\" data-e-type=\"widget\" data-settings=\"{&quot;_animation&quot;:&quot;fadeInUp&quot;}\" data-widget_type=\"heading.default\">\n\t\t\t\t\t<h1 class=\"elementor-heading-title elementor-size-default\">Offre<\/h1>\t\t\t\t<\/div>\n\t\t<div class=\"elementor-element elementor-element-f89095b e-con-full pad-t-s e-flex e-con e-child\" data-id=\"f89095b\" data-element_type=\"container\" data-e-type=\"container\" data-settings=\"{&quot;jet_parallax_layout_list&quot;:[]}\">\n\t\t\t\t<div class=\"elementor-element elementor-element-d390d7b elementor-invisible elementor-widget elementor-widget-jet-button\" data-id=\"d390d7b\" data-element_type=\"widget\" data-e-type=\"widget\" data-settings=\"{&quot;_animation&quot;:&quot;fadeInUp&quot;}\" data-widget_type=\"jet-button.default\">\n\t\t\t\t<div class=\"elementor-widget-container\">\n\t\t\t\t\t<div class=\"elementor-jet-button jet-elements\"><div class=\"jet-button__container\">\n\t<a class=\"jet-button__instance jet-button__instance--icon-left hover-effect-0\" href=\"https:\/\/www.maenner.ch\/angebot\/beratungslandkarte\/\">\n\t\t<div class=\"jet-button__plane jet-button__plane-normal\"><\/div>\n\t\t<div class=\"jet-button__plane jet-button__plane-hover\"><\/div>\n\t\t<div class=\"jet-button__state jet-button__state-normal\">\n\t\t\t<span class=\"jet-button__icon jet-elements-icon\"><svg xmlns=\"http:\/\/www.w3.org\/2000\/svg\" viewBox=\"0 0 39 39\" width=\"39\" height=\"39\"><style>.a{fill:#f9e100}.b{fill:none;stroke:#000;stroke-linecap:round;stroke-linejoin:round;stroke-width:2}<\/style><path class=\"a\" d=\"m38.9 19.1c0 10.6-8.6 19.1-19.2 19.1-10.6 0-19.2-8.5-19.2-19.1 0-10.6 8.6-19.2 19.2-19.2 10.6 0 19.2 8.6 19.2 19.2z\"><\/path><path class=\"b\" d=\"m12.7 19.1h14m0 0l-6-6m6 6l-6 6\"><\/path><\/svg><\/span><span class=\"jet-button__label\">Carte interactive<\/span>\t\t<\/div>\n\t\t<div class=\"jet-button__state jet-button__state-hover\">\n\t\t\t<span class=\"jet-button__icon jet-elements-icon\"><svg xmlns=\"http:\/\/www.w3.org\/2000\/svg\" viewBox=\"0 0 39 39\" width=\"39\" height=\"39\"><style>.a{fill:#f9e100}.b{fill:none;stroke:#000;stroke-linecap:round;stroke-linejoin:round;stroke-width:2}<\/style><path class=\"a\" d=\"m38.9 19.1c0 10.6-8.6 19.1-19.2 19.1-10.6 0-19.2-8.5-19.2-19.1 0-10.6 8.6-19.2 19.2-19.2 10.6 0 19.2 8.6 19.2 19.2z\"><\/path><path class=\"b\" d=\"m12.7 19.1h14m0 0l-6-6m6 6l-6 6\"><\/path><\/svg><\/span><span class=\"jet-button__label\">Carte interactive<\/span>\t\t<\/div>\n\t<\/a>\n<\/div>\n<\/div>\t\t\t\t<\/div>\n\t\t\t\t<\/div>\n\t\t\t\t<div class=\"elementor-element elementor-element-918aaa4 elementor-invisible elementor-widget elementor-widget-jet-button\" data-id=\"918aaa4\" data-element_type=\"widget\" data-e-type=\"widget\" data-settings=\"{&quot;_animation&quot;:&quot;fadeInUp&quot;}\" data-widget_type=\"jet-button.default\">\n\t\t\t\t<div class=\"elementor-widget-container\">\n\t\t\t\t\t<div class=\"elementor-jet-button jet-elements\"><div class=\"jet-button__container\">\n\t<a class=\"jet-button__instance jet-button__instance--icon-left hover-effect-0\" href=\"#\">\n\t\t<div class=\"jet-button__plane jet-button__plane-normal\"><\/div>\n\t\t<div class=\"jet-button__plane jet-button__plane-hover\"><\/div>\n\t\t<div class=\"jet-button__state jet-button__state-normal\">\n\t\t\t<span class=\"jet-button__icon jet-elements-icon\"><svg xmlns=\"http:\/\/www.w3.org\/2000\/svg\" viewBox=\"0 0 39 39\" width=\"39\" height=\"39\"><style>.a{fill:#f9e100}.b{fill:none;stroke:#000;stroke-linecap:round;stroke-linejoin:round;stroke-width:2}<\/style><path class=\"a\" d=\"m38.9 19.1c0 10.6-8.6 19.1-19.2 19.1-10.6 0-19.2-8.5-19.2-19.1 0-10.6 8.6-19.2 19.2-19.2 10.6 0 19.2 8.6 19.2 19.2z\"><\/path><path class=\"b\" d=\"m12.7 19.1h14m0 0l-6-6m6 6l-6 6\"><\/path><\/svg><\/span><span class=\"jet-button__label\">Permanence t\u00e9l\u00e9phonique<\/span>\t\t<\/div>\n\t\t<div class=\"jet-button__state jet-button__state-hover\">\n\t\t\t<span class=\"jet-button__icon jet-elements-icon\"><svg xmlns=\"http:\/\/www.w3.org\/2000\/svg\" viewBox=\"0 0 39 39\" width=\"39\" height=\"39\"><style>.a{fill:#f9e100}.b{fill:none;stroke:#000;stroke-linecap:round;stroke-linejoin:round;stroke-width:2}<\/style><path class=\"a\" d=\"m38.9 19.1c0 10.6-8.6 19.1-19.2 19.1-10.6 0-19.2-8.5-19.2-19.1 0-10.6 8.6-19.2 19.2-19.2 10.6 0 19.2 8.6 19.2 19.2z\"><\/path><path class=\"b\" d=\"m12.7 19.1h14m0 0l-6-6m6 6l-6 6\"><\/path><\/svg><\/span><span class=\"jet-button__label\">Permanence t\u00e9l\u00e9phonique<\/span>\t\t<\/div>\n\t<\/a>\n<\/div>\n<\/div>\t\t\t\t<\/div>\n\t\t\t\t<\/div>\n\t\t\t\t<div class=\"elementor-element elementor-element-9fa8419 elementor-invisible elementor-widget elementor-widget-jet-button\" data-id=\"9fa8419\" data-element_type=\"widget\" data-e-type=\"widget\" data-settings=\"{&quot;_animation&quot;:&quot;fadeInUp&quot;}\" data-widget_type=\"jet-button.default\">\n\t\t\t\t<div class=\"elementor-widget-container\">\n\t\t\t\t\t<div class=\"elementor-jet-button jet-elements\"><div class=\"jet-button__container\">\n\t<a class=\"jet-button__instance jet-button__instance--icon-left hover-effect-0\" href=\"#\">\n\t\t<div class=\"jet-button__plane jet-button__plane-normal\"><\/div>\n\t\t<div class=\"jet-button__plane jet-button__plane-hover\"><\/div>\n\t\t<div class=\"jet-button__state jet-button__state-normal\">\n\t\t\t<span class=\"jet-button__icon jet-elements-icon\"><svg xmlns=\"http:\/\/www.w3.org\/2000\/svg\" viewBox=\"0 0 39 39\" width=\"39\" height=\"39\"><style>.a{fill:#f9e100}.b{fill:none;stroke:#000;stroke-linecap:round;stroke-linejoin:round;stroke-width:2}<\/style><path class=\"a\" d=\"m38.9 19.1c0 10.6-8.6 19.1-19.2 19.1-10.6 0-19.2-8.5-19.2-19.1 0-10.6 8.6-19.2 19.2-19.2 10.6 0 19.2 8.6 19.2 19.2z\"><\/path><path class=\"b\" d=\"m12.7 19.1h14m0 0l-6-6m6 6l-6 6\"><\/path><\/svg><\/span><span class=\"jet-button__label\">Boussole pour les hommes<\/span>\t\t<\/div>\n\t\t<div class=\"jet-button__state jet-button__state-hover\">\n\t\t\t<span class=\"jet-button__icon jet-elements-icon\"><svg xmlns=\"http:\/\/www.w3.org\/2000\/svg\" viewBox=\"0 0 39 39\" width=\"39\" height=\"39\"><style>.a{fill:#f9e100}.b{fill:none;stroke:#000;stroke-linecap:round;stroke-linejoin:round;stroke-width:2}<\/style><path class=\"a\" d=\"m38.9 19.1c0 10.6-8.6 19.1-19.2 19.1-10.6 0-19.2-8.5-19.2-19.1 0-10.6 8.6-19.2 19.2-19.2 10.6 0 19.2 8.6 19.2 19.2z\"><\/path><path class=\"b\" d=\"m12.7 19.1h14m0 0l-6-6m6 6l-6 6\"><\/path><\/svg><\/span><span class=\"jet-button__label\">Boussole pour les hommes<\/span>\t\t<\/div>\n\t<\/a>\n<\/div>\n<\/div>\t\t\t\t<\/div>\n\t\t\t\t<\/div>\n\t\t\t\t<div class=\"elementor-element elementor-element-4bd8069 elementor-invisible elementor-widget elementor-widget-jet-button\" data-id=\"4bd8069\" data-element_type=\"widget\" data-e-type=\"widget\" data-settings=\"{&quot;_animation&quot;:&quot;fadeInUp&quot;}\" data-widget_type=\"jet-button.default\">\n\t\t\t\t<div class=\"elementor-widget-container\">\n\t\t\t\t\t<div class=\"elementor-jet-button jet-elements\"><div class=\"jet-button__container\">\n\t<a class=\"jet-button__instance jet-button__instance--icon-left hover-effect-0\" href=\"#\">\n\t\t<div class=\"jet-button__plane jet-button__plane-normal\"><\/div>\n\t\t<div class=\"jet-button__plane jet-button__plane-hover\"><\/div>\n\t\t<div class=\"jet-button__state jet-button__state-normal\">\n\t\t\t<span class=\"jet-button__icon jet-elements-icon\"><svg xmlns=\"http:\/\/www.w3.org\/2000\/svg\" viewBox=\"0 0 39 39\" width=\"39\" height=\"39\"><style>.a{fill:#f9e100}.b{fill:none;stroke:#000;stroke-linecap:round;stroke-linejoin:round;stroke-width:2}<\/style><path class=\"a\" d=\"m38.9 19.1c0 10.6-8.6 19.1-19.2 19.1-10.6 0-19.2-8.5-19.2-19.1 0-10.6 8.6-19.2 19.2-19.2 10.6 0 19.2 8.6 19.2 19.2z\"><\/path><path class=\"b\" d=\"m12.7 19.1h14m0 0l-6-6m6 6l-6 6\"><\/path><\/svg><\/span><span class=\"jet-button__label\">Devenir p\u00e8re<\/span>\t\t<\/div>\n\t\t<div class=\"jet-button__state jet-button__state-hover\">\n\t\t\t<span class=\"jet-button__icon jet-elements-icon\"><svg xmlns=\"http:\/\/www.w3.org\/2000\/svg\" viewBox=\"0 0 39 39\" width=\"39\" height=\"39\"><style>.a{fill:#f9e100}.b{fill:none;stroke:#000;stroke-linecap:round;stroke-linejoin:round;stroke-width:2}<\/style><path class=\"a\" d=\"m38.9 19.1c0 10.6-8.6 19.1-19.2 19.1-10.6 0-19.2-8.5-19.2-19.1 0-10.6 8.6-19.2 19.2-19.2 10.6 0 19.2 8.6 19.2 19.2z\"><\/path><path class=\"b\" d=\"m12.7 19.1h14m0 0l-6-6m6 6l-6 6\"><\/path><\/svg><\/span><span class=\"jet-button__label\">Devenir p\u00e8re<\/span>\t\t<\/div>\n\t<\/a>\n<\/div>\n<\/div>\t\t\t\t<\/div>\n\t\t\t\t<\/div>\n\t\t\t\t<div class=\"elementor-element elementor-element-920ffc1 elementor-invisible elementor-widget elementor-widget-jet-button\" data-id=\"920ffc1\" data-element_type=\"widget\" data-e-type=\"widget\" data-settings=\"{&quot;_animation&quot;:&quot;fadeInUp&quot;}\" data-widget_type=\"jet-button.default\">\n\t\t\t\t<div class=\"elementor-widget-container\">\n\t\t\t\t\t<div class=\"elementor-jet-button jet-elements\"><div class=\"jet-button__container\">\n\t<a class=\"jet-button__instance jet-button__instance--icon-left hover-effect-0\" href=\"#\">\n\t\t<div class=\"jet-button__plane jet-button__plane-normal\"><\/div>\n\t\t<div class=\"jet-button__plane jet-button__plane-hover\"><\/div>\n\t\t<div class=\"jet-button__state jet-button__state-normal\">\n\t\t\t<span class=\"jet-button__icon jet-elements-icon\"><svg xmlns=\"http:\/\/www.w3.org\/2000\/svg\" viewBox=\"0 0 39 39\" width=\"39\" height=\"39\"><style>.a{fill:#f9e100}.b{fill:none;stroke:#000;stroke-linecap:round;stroke-linejoin:round;stroke-width:2}<\/style><path class=\"a\" d=\"m38.9 19.1c0 10.6-8.6 19.1-19.2 19.1-10.6 0-19.2-8.5-19.2-19.1 0-10.6 8.6-19.2 19.2-19.2 10.6 0 19.2 8.6 19.2 19.2z\"><\/path><path class=\"b\" d=\"m12.7 19.1h14m0 0l-6-6m6 6l-6 6\"><\/path><\/svg><\/span><span class=\"jet-button__label\">F\u00eate des p\u00e8res suisse<\/span>\t\t<\/div>\n\t\t<div class=\"jet-button__state jet-button__state-hover\">\n\t\t\t<span class=\"jet-button__icon jet-elements-icon\"><svg xmlns=\"http:\/\/www.w3.org\/2000\/svg\" viewBox=\"0 0 39 39\" width=\"39\" height=\"39\"><style>.a{fill:#f9e100}.b{fill:none;stroke:#000;stroke-linecap:round;stroke-linejoin:round;stroke-width:2}<\/style><path class=\"a\" d=\"m38.9 19.1c0 10.6-8.6 19.1-19.2 19.1-10.6 0-19.2-8.5-19.2-19.1 0-10.6 8.6-19.2 19.2-19.2 10.6 0 19.2 8.6 19.2 19.2z\"><\/path><path class=\"b\" d=\"m12.7 19.1h14m0 0l-6-6m6 6l-6 6\"><\/path><\/svg><\/span><span class=\"jet-button__label\">F\u00eate des p\u00e8res suisse<\/span>\t\t<\/div>\n\t<\/a>\n<\/div>\n<\/div>\t\t\t\t<\/div>\n\t\t\t\t<\/div>\n\t\t\t\t<\/div>\n\t\t\t\t\t<\/div>\n\t\t\t\t<\/div>\n\t\t\t\t<\/div>\n\t\t","protected":false},"excerpt":{"rendered":"<p>Startseite Offre Permanence t\u00e9l\u00e9phonique Permanence t\u00e9l\u00e9phonique Boussole pour les hommes Boussole pour les hommes Devenir p\u00e8re Devenir p\u00e8re F\u00eate des p\u00e8res suisse F\u00eate des p\u00e8res suisse<\/p>\n","protected":false},"author":3,"featured_media":0,"parent":0,"menu_order":0,"comment_status":"closed","ping_status":"closed","template":"elementor_header_footer","meta":{"_jf_limit_responses":"","iawp_total_views":15,"footnotes":""},"class_list":["post-262570","page","type-page","status-publish","hentry"],"_links":{"self":[{"href":"https:\/\/www.maenner.ch\/fr\/wp-json\/wp\/v2\/pages\/262570","targetHints":{"allow":["GET"]}}],"collection":[{"href":"https:\/\/www.maenner.ch\/fr\/wp-json\/wp\/v2\/pages"}],"about":[{"href":"https:\/\/www.maenner.ch\/fr\/wp-json\/wp\/v2\/types\/page"}],"author":[{"embeddable":true,"href":"https:\/\/www.maenner.ch\/fr\/wp-json\/wp\/v2\/users\/3"}],"replies":[{"embeddable":true,"href":"https:\/\/www.maenner.ch\/fr\/wp-json\/wp\/v2\/comments?post=262570"}],"version-history":[{"count":9,"href":"https:\/\/www.maenner.ch\/fr\/wp-json\/wp\/v2\/pages\/262570\/revisions"}],"predecessor-version":[{"id":263661,"href":"https:\/\/www.maenner.ch\/fr\/wp-json\/wp\/v2\/pages\/262570\/revisions\/263661"}],"wp:attachment":[{"href":"https:\/\/www.maenner.ch\/fr\/wp-json\/wp\/v2\/media?parent=262570"}],"curies":[{"name":"wp","href":"https:\/\/api.w.org\/{rel}","templated":true}]}}